{"id":1738,"date":"2026-05-10T02:19:13","date_gmt":"2026-05-10T02:19:13","guid":{"rendered":"https:\/\/executive-education.amref.ac.ke\/?page_id=1738"},"modified":"2026-05-10T02:19:13","modified_gmt":"2026-05-10T02:19:13","slug":"paypal-casino-1-euro-sadan-spiller-du-far-bonus-og-hurtig-udbetaling","status":"publish","type":"page","link":"https:\/\/executive-education.amref.ac.ke\/index.php\/paypal-casino-1-euro-sadan-spiller-du-far-bonus-og-hurtig-udbetaling\/","title":{"rendered":"PayPal casino 1 euro: S\u00e5dan spiller du, f\u00e5r bonus og hurtig udbetaling"},"content":{"rendered":"<nav aria-label=\"Table of contents\">\n<ol>\n<li><a href=\"#hvorfor-vlge-et-paypal-casino-for-sm-indsatser\">Hvorfor v\u00e6lge et PayPal casino for sm\u00e5 indsatser?<\/a><\/li>\n<li><a href=\"#sdan-kommer-du-i-gang-med-en-1euro-indbetaling\">S\u00e5dan kommer du i gang med en 1\u2011euro indbetaling<\/a>\n<ol>\n<li><a href=\"#trinfortrin-guide\">Trin\u2011for\u2011trin guide<\/a><\/li>\n<\/ol>\n<\/li>\n<li><a href=\"#bonusser-og-vilkr-ved-1euro-indbetaling\">Bonusser og vilk\u00e5r ved 1\u2011euro indbetaling<\/a><\/li>\n<li><a href=\"#betalingsmetoder-paypal-versus-andre-muligheder\">Betalingsmetoder: PayPal versus andre muligheder<\/a><\/li>\n<li><a href=\"#sdan-hver-du-dine-gevinster-hurtigt\">S\u00e5dan h\u00e6ver du dine gevinster hurtigt<\/a><\/li>\n<li><a href=\"#mobiloplevelse-og-appunderstttelse\">Mobiloplevelse og app\u2011underst\u00f8ttelse<\/a><\/li>\n<li><a href=\"#kundeservice-og-ansvarligt-spil\">Kundeservice og ansvarligt spil<\/a><\/li>\n<li><a href=\"#licens-sikkerhed-og-lovgivning-i-danmark\">Licens, sikkerhed og lovgivning i Danmark<\/a><\/li>\n<\/ol>\n<\/nav>\n<figure data-affgun-media=\"hero\" style=\"margin:0 0 1.5em 0;text-align:center\"><img decoding=\"async\" src=\"https:\/\/i.ytimg.com\/vi\/JALi4Bh8yb4\/hqdefault.jpg\" alt=\"\" style=\"max-width:100%;height:auto;border-radius:8px\" loading=\"lazy\" referrerpolicy=\"no-referrer\"><\/figure>\n<article>\n<h1>S\u00e5dan spiller du i et PayPal casino med kun 1\u202feuro<\/h1>\n<section>\n<h2 id=\"hvorfor-vlge-et-paypal-casino-for-sm-indsatser\">Hvorfor v\u00e6lge et PayPal casino for sm\u00e5 indsatser?<\/h2>\n<div data-affgun-media=\"video\" style=\"position:relative;padding-bottom:56.25%;height:0;overflow:hidden;margin:1.5em 0;border-radius:8px\"><iframe src=\"https:\/\/www.youtube-nocookie.com\/embed\/JALi4Bh8yb4\" style=\"position:absolute;top:0;left:0;width:100%;height:100%;border:0;border-radius:8px\" loading=\"lazy\" referrerpolicy=\"strict-origin-when-cross-origin\" allow=\"accelerometer;autoplay;clipboard-write;encrypted-media;gyroscope;picture-in-picture\" allowfullscreen=\"\"><\/iframe><\/div>\n<p>For danske spillere er PayPal blevet foretrukket, n\u00e5r bel\u00f8bet er lille \u2013 som 1\u202feuro. Betalingsmetoden giver b\u00e5de hurtige indskud og sikre udbetalinger, s\u00e5 du undg\u00e5r lange ventetider p\u00e5 din f\u00f8rste gevinst. Samtidig er PayPal reguleret under EU\u2011lovgivning, hvilket betyder ekstra lag af beskyttelse mod svindel. Mange casinoer tilbyder ogs\u00e5 <a href=\"https:\/\/thenationonlineng.net\/casino\/dk\/paypal-casino-uden-rofus\/\">casino med paypal<\/a>, s\u00e5 du kan holde din bankkonto isoleret fra spilverdenen.<\/p>\n<p>En anden fordel er, at PayPal er bredt accepteret i b\u00e5de live casino og sports betting\u2011sektioner. N\u00e5r du spiller med 1\u202feuro, er det vigtigt at vide, at nogle casinoer har minimumsindskud p\u00e5 10\u202feuro, men et PayPal\u2011baseret \u201c1\u2011euro\u2011casino\u201d g\u00f8r det muligt at teste platformen uden stort \u00f8konomisk engagement. Det giver dig ogs\u00e5 mulighed for at pr\u00f8ve nye spil og bonusser, f\u00f8r du beslutter dig for at satse mere.<\/p>\n<\/section>\n<section>\n<h2 id=\"sdan-kommer-du-i-gang-med-en-1euro-indbetaling\">S\u00e5dan kommer du i gang med en 1\u2011euro indbetaling<\/h2>\n<p>F\u00f8r du kan satse, skal du gennemg\u00e5 en kort registreringsproces. De fleste danske PayPal casinoer kr\u00e6ver kun navn, e\u2011mail og et valg af brugernavn samt adgangskode. N\u00e5r kontoen er bekr\u00e6ftet, kan du g\u00e5 direkte til betalingssektionen og v\u00e6lge PayPal som indbetalingsmetode.<\/p>\n<h3 id=\"trinfortrin-guide\">Trin\u2011for\u2011trin guide<\/h3>\n<ol>\n<li>Log ind p\u00e5 casinoets hjemmeside og klik p\u00e5 \u201cIndbetaling\u201d.<\/li>\n<li>V\u00e6lg PayPal som din foretrukne betalingsmetode.<\/li>\n<li>Indtast 1\u202feuro som bel\u00f8b \u2013 nogle casinoer runder op til minimum 5\u202feuro, men de fleste accepterer pr\u00e6cis 1\u202feuro.<\/li>\n<li>Bekr\u00e6ft transaktionen i din PayPal\u2011app eller p\u00e5 web\u2011dashboardet.<\/li>\n<li>Midlet vil typisk v\u00e6re p\u00e5 din casino\u2011konto inden for f\u00e5 sekunder.<\/li>\n<\/ol>\n<p>Det er en god id\u00e9 at tjekke, om casinoet har en \u201cingen oms\u00e6tningskrav\u201d p\u00e5 indbetalingen p\u00e5 1\u202feuro. Det betyder, at du kan tr\u00e6kke dine gevinster ud uden at skulle spille et stort antal ekstra runder.<\/p>\n<\/section>\n<section>\n<h2 id=\"bonusser-og-vilkr-ved-1euro-indbetaling\">Bonusser og vilk\u00e5r ved 1\u2011euro indbetaling<\/h2>\n<p>Selvom bel\u00f8bet er lille, tilbyder flere danske PayPal casinoer stadig velkomstbonusser, der kan fordoble eller tredoble din indbetaling. V\u00e6r opm\u00e6rksom p\u00e5, at s\u00e5danne bonusser ofte kommer med wagering\u2011krav, som du skal opfylde, f\u00f8r du kan tr\u00e6kke gevinster ud.<\/p>\n<table border=\"1\" cellpadding=\"5\" cellspacing=\"0\">\n<thead>\n<tr>\n<th>Casino<\/th>\n<th>Velkomstbonus<\/th>\n<th>Wagering\u2011krav<\/th>\n<\/tr>\n<\/thead>\n<tbody>\n<tr>\n<td>CasinoA<\/td>\n<td>100\u202f% op til 100\u202feuro (inkl. 1\u202feuro)<\/td>\n<td>30x bonus<\/td>\n<\/tr>\n<tr>\n<td>CasinoB<\/td>\n<td>50\u202feuro gratis spin + 25\u202f% p\u00e5 1\u202feuro<\/td>\n<td>35x bonus + 20x free spins<\/td>\n<\/tr>\n<tr>\n<td>CasinoC<\/td>\n<td>Ingen bonus \u2013 kun \u201cno\u2011deposit\u201d p\u00e5 1\u202feuro<\/td>\n<td>Ingen wagering p\u00e5 selve indbetalingen<\/td>\n<\/tr>\n<\/tbody>\n<\/table>\n<p>N\u00e5r du v\u00e6lger et bonusprogram, s\u00e5 kig efter \u201clavt wagering\u201d og \u201churtig udbetaling\u201d. Et lavt krav p\u00e5 20\u201130 gange er typisk acceptabelt for en 1\u2011euro\u2011spiller, mens 40\u201150 gange kan blive en barriere, is\u00e6r hvis du kun spiller med sm\u00e5 bel\u00f8b.<\/p>\n<\/section>\n<section>\n<h2 id=\"betalingsmetoder-paypal-versus-andre-muligheder\">Betalingsmetoder: PayPal versus andre muligheder<\/h2>\n<p>Selvom PayPal er frontl\u00f8ber, kan det v\u00e6re nyttigt at have en backup\u2011metode, hvis du vil indbetale mere eller tr\u00e6kke st\u00f8rre gevinster. De mest popul\u00e6re alternativer i Danmark inkluderer kreditkort, bankoverf\u00f8rsel og e\u2011wallets som Skrill eller Neteller.<\/p>\n<ul>\n<li><strong>PayPal:<\/strong> \u00d8jeblikkelige indskud, h\u00f8j sikkerhed, let at verificere.<\/li>\n<li><strong>Kreditkort (Visa\/MasterCard):<\/strong> Lidt langsommere, men bredt accepteret.<\/li>\n<li><strong>Skrill\/Neteller:<\/strong> Godt for spillere, der foretr\u00e6kker ekstra anonymitet.<\/li>\n<li><strong>Bankoverf\u00f8rsel:<\/strong> H\u00f8j sikkerhed, men udbetaling kan tage 2\u20115 arbejdsdage.<\/li>\n<\/ul>\n<p>Det er altid en god id\u00e9 at tjekke, om casinoet har \u201cinstant payouts\u201d for PayPal\u2011udbetalinger, s\u00e5 du kan tr\u00e6kke gevinsterne uden un\u00f8dig ventetid.<\/p>\n<\/section>\n<section>\n<h2 id=\"sdan-hver-du-dine-gevinster-hurtigt\">S\u00e5dan h\u00e6ver du dine gevinster hurtigt<\/h2>\n<p>Efter du har opfyldt eventuelle wagering\u2011krav, er processen for udbetaling normalt simpel. G\u00e5 til \u201cUdbetaling\u201d, v\u00e6lg PayPal og indtast det bel\u00f8b, du \u00f8nsker at modtage. De fleste casinoer behandler PayPal\u2011udbetalinger inden for 30 minutter til \u00e9n time.<\/p>\n<p>V\u00e6r dog opm\u00e6rksom p\u00e5, at nogle casinoer har en minimumsgr\u00e6nse for udbetaling, typisk 10\u202feuro. Hvis du kun har vundet mindre end dette, kan du enten spille videre for at n\u00e5 gr\u00e6nsen eller kontakte kundesupport for at f\u00e5 en \u201cexception\u201d \u2013 nogle casinoer im\u00f8dekommer dette for nye spillere.<\/p>\n<\/section>\n<section>\n<h2 id=\"mobiloplevelse-og-appunderstttelse\">Mobiloplevelse og app\u2011underst\u00f8ttelse<\/h2>\n<p>De fleste danske PayPal casinoer er fuldt optimeret til b\u00e5de iOS og Android. Du kan spille slots, live casino og sports betting direkte fra din smartphone uden at skulle downloade en s\u00e6rskilt app, men mange leverer ogs\u00e5 native apps med ekstra funktioner som push\u2011notifikationer.<\/p>\n<ul>\n<li>Responsive web\u2011design \u2013 fungerer i alle mobile browsere.<\/li>\n<li>Native app \u2013 hurtigere loading og push\u2011notifikationer om bonusser.<\/li>\n<li>Touch\u2011optimeret betalingsflow \u2013 PayPal\u2011betaling med et enkelt tryk.<\/li>\n<\/ul>\n<p>Hvis du planl\u00e6gger at spille med 1\u202feuro p\u00e5 farten, s\u00e5 tjek at appen underst\u00f8tter \u201cinstant deposits\u201d med PayPal, s\u00e5 du kan starte spillet med det samme uden at vente p\u00e5 bekr\u00e6ftelse.<\/p>\n<\/section>\n<section>\n<h2 id=\"kundeservice-og-ansvarligt-spil\">Kundeservice og ansvarligt spil<\/h2>\n<p>God kundeservice er essentiel, is\u00e6r n\u00e5r du spiller med sm\u00e5 indsatser og har brug for hurtige svar p\u00e5 udbetalinger eller bonusvilk\u00e5r. De fleste danske casinoer tilbyder 24\/7 live chat, e\u2011mail og ofte ogs\u00e5 telefonisk support p\u00e5 dansk.<\/p>\n<p>Ansvarligt spil b\u00f8r ogs\u00e5 v\u00e6re i fokus. Se efter funktioner som indbetalings\u2011gr\u00e6nser, tabs\u2011gr\u00e6nser og mulighed for selvudelukkelse direkte i kontoinstillingerne. Et betroet PayPal\u2011casino vil ogs\u00e5 have certificeringer fra myndigheder som Spillemyndigheden og viser tydeligt deres licensnummer.<\/p>\n<\/section>\n<section>\n<h2 id=\"licens-sikkerhed-og-lovgivning-i-danmark\">Licens, sikkerhed og lovgivning i Danmark<\/h2>\n<p>Alle lovlige casinoer i Danmark skal have en licens fra Spillemyndigheden. Dette garanterer, at spiludbyderen f\u00f8lger strenge krav til fair play, databeskyttelse og sikker betaling. N\u00e5r du spiller i et PayPal\u2011casino med 1\u202feuro, skal du kontrollere, at licensnummeret er synligt p\u00e5 hjemmesidens footer.<\/p>\n<p>Sikkerheden omkring din PayPal\u2011konto er ogs\u00e5 vigtig. Brug to\u2011faktor\u2011autentificering (2FA) p\u00e5 b\u00e5de PayPal og casinoet, og undg\u00e5 at dele login\u2011oplysninger. Med s\u00e5danne foranstaltninger kan du spille med ro i sindet, selv n\u00e5r du satser kun 1\u202feuro.<\/p>\n<\/section>\n<\/article>\n","protected":false},"excerpt":{"rendered":"<p>Hvorfor v\u00e6lge et PayPal casino for sm\u00e5 indsatser? S\u00e5dan kommer du i gang med en 1\u2011euro indbetaling Trin\u2011for\u2011trin guide Bonusser og vilk\u00e5r ved 1\u2011euro indbetaling Betalingsmetoder: PayPal versus andre muligheder S\u00e5dan h\u00e6ver du dine gevinster hurtigt Mobiloplevelse og app\u2011underst\u00f8ttelse Kundeservice og ansvarligt spil Licens, sikkerhed og lovgivning i Danmark S\u00e5dan spiller du i et PayPal [&hellip;]<\/p>\n","protected":false},"author":8,"featured_media":0,"parent":0,"menu_order":0,"comment_status":"closed","ping_status":"closed","template":"","meta":{"footnotes":""},"class_list":["post-1738","page","type-page","status-publish","hentry"],"_links":{"self":[{"href":"https:\/\/executive-education.amref.ac.ke\/index.php\/wp-json\/wp\/v2\/pages\/1738","targetHints":{"allow":["GET"]}}],"collection":[{"href":"https:\/\/executive-education.amref.ac.ke\/index.php\/wp-json\/wp\/v2\/pages"}],"about":[{"href":"https:\/\/executive-education.amref.ac.ke\/index.php\/wp-json\/wp\/v2\/types\/page"}],"author":[{"embeddable":true,"href":"https:\/\/executive-education.amref.ac.ke\/index.php\/wp-json\/wp\/v2\/users\/8"}],"replies":[{"embeddable":true,"href":"https:\/\/executive-education.amref.ac.ke\/index.php\/wp-json\/wp\/v2\/comments?post=1738"}],"version-history":[{"count":1,"href":"https:\/\/executive-education.amref.ac.ke\/index.php\/wp-json\/wp\/v2\/pages\/1738\/revisions"}],"predecessor-version":[{"id":1739,"href":"https:\/\/executive-education.amref.ac.ke\/index.php\/wp-json\/wp\/v2\/pages\/1738\/revisions\/1739"}],"wp:attachment":[{"href":"https:\/\/executive-education.amref.ac.ke\/index.php\/wp-json\/wp\/v2\/media?parent=1738"}],"curies":[{"name":"wp","href":"https:\/\/api.w.org\/{rel}","templated":true}]}}